{"id":10,"date":"2021-04-16T21:25:12","date_gmt":"2021-04-16T19:25:12","guid":{"rendered":"https:\/\/wp02.lacnefotky.sk\/?page_id=10"},"modified":"2021-04-16T21:25:12","modified_gmt":"2021-04-16T19:25:12","slug":"kosik","status":"publish","type":"page","link":"https:\/\/wp02.lacnefotky.sk\/?page_id=10","title":{"rendered":"Ko\u0161\u00edk"},"content":{"rendered":"<div class=\"woocommerce\"><div class=\"woocommerce-notices-wrapper\"><\/div><p class=\"cart-empty woocommerce-info\">V\u00e1\u0161 ko\u0161\u00edk je pr\u00e1zdny.<\/p>\t<p class=\"return-to-shop\">\n\t\t<a class=\"button wc-backward\" href=\"https:\/\/wp02.lacnefotky.sk\/?page_id=9\">\n\t\t\tVr\u00e1ti\u0165 sa do obchodu\t\t<\/a>\n\t<\/p>\n<\/div>\n","protected":false},"excerpt":{"rendered":"","protected":false},"author":1,"featured_media":0,"parent":0,"menu_order":0,"comment_status":"closed","ping_status":"closed","template":"","meta":{"_monsterinsights_skip_tracking":false,"_monsterinsights_sitenote_active":false,"_monsterinsights_sitenote_note":"","_monsterinsights_sitenote_category":0},"yoast_head":"<!-- This site is optimized with the Yoast SEO plugin v16.1.1 - https:\/\/yoast.com\/wordpress\/plugins\/seo\/ -->\n<title>Ko\u0161\u00edk - wp02pokus<\/title>\n<link rel=\"canonical\" href=\"https:\/\/wp02.lacnefotky.sk\/?page_id=10\" \/>\n<meta property=\"og:locale\" content=\"sk_SK\" \/>\n<meta property=\"og:type\" content=\"article\" \/>\n<meta property=\"og:title\" content=\"Ko\u0161\u00edk - wp02pokus\" \/>\n<meta property=\"og:url\" content=\"https:\/\/wp02.lacnefotky.sk\/?page_id=10\" \/>\n<meta property=\"og:site_name\" content=\"wp02pokus\" \/>\n<meta name=\"twitter:card\" content=\"summary_large_image\" \/>\n<script type=\"application\/ld+json\" class=\"yoast-schema-graph\">{\"@context\":\"https:\/\/schema.org\",\"@graph\":[{\"@type\":\"WebSite\",\"@id\":\"https:\/\/wp02.lacnefotky.sk\/#website\",\"url\":\"https:\/\/wp02.lacnefotky.sk\/\",\"name\":\"wp02pokus\",\"description\":\"Len \\u010fal\\u0161ia WordPress str\\u00e1nka\",\"potentialAction\":[{\"@type\":\"SearchAction\",\"target\":\"https:\/\/wp02.lacnefotky.sk\/?s={search_term_string}\",\"query-input\":\"required name=search_term_string\"}],\"inLanguage\":\"sk-SK\"},{\"@type\":\"WebPage\",\"@id\":\"https:\/\/wp02.lacnefotky.sk\/?page_id=10#webpage\",\"url\":\"https:\/\/wp02.lacnefotky.sk\/?page_id=10\",\"name\":\"Ko\\u0161\\u00edk - wp02pokus\",\"isPartOf\":{\"@id\":\"https:\/\/wp02.lacnefotky.sk\/#website\"},\"datePublished\":\"2021-04-16T19:25:12+00:00\",\"dateModified\":\"2021-04-16T19:25:12+00:00\",\"breadcrumb\":{\"@id\":\"https:\/\/wp02.lacnefotky.sk\/?page_id=10#breadcrumb\"},\"inLanguage\":\"sk-SK\",\"potentialAction\":[{\"@type\":\"ReadAction\",\"target\":[\"https:\/\/wp02.lacnefotky.sk\/?page_id=10\"]}]},{\"@type\":\"BreadcrumbList\",\"@id\":\"https:\/\/wp02.lacnefotky.sk\/?page_id=10#breadcrumb\",\"itemListElement\":[{\"@type\":\"ListItem\",\"position\":1,\"item\":{\"@type\":\"WebPage\",\"@id\":\"https:\/\/wp02.lacnefotky.sk\/\",\"url\":\"https:\/\/wp02.lacnefotky.sk\/\",\"name\":\"Home\"}},{\"@type\":\"ListItem\",\"position\":2,\"item\":{\"@type\":\"WebPage\",\"@id\":\"https:\/\/wp02.lacnefotky.sk\/?page_id=10\",\"url\":\"https:\/\/wp02.lacnefotky.sk\/?page_id=10\",\"name\":\"Ko\\u0161\\u00edk\"}}]}]}<\/script>\n<!-- \/ Yoast SEO plugin. -->","uagb_featured_image_src":{"full":false,"thumbnail":false,"medium":false,"medium_large":false,"large":false,"1536x1536":false,"2048x2048":false,"woocommerce_thumbnail":false,"woocommerce_single":false,"woocommerce_gallery_thumbnail":false,"shop_catalog":false,"shop_single":false,"shop_thumbnail":false},"uagb_author_info":{"display_name":"lubos","author_link":"https:\/\/wp02.lacnefotky.sk\/?author=1"},"uagb_comment_info":0,"uagb_excerpt":null,"_links":{"self":[{"href":"https:\/\/wp02.lacnefotky.sk\/index.php?rest_route=\/wp\/v2\/pages\/10"}],"collection":[{"href":"https:\/\/wp02.lacnefotky.sk\/index.php?rest_route=\/wp\/v2\/pages"}],"about":[{"href":"https:\/\/wp02.lacnefotky.sk\/index.php?rest_route=\/wp\/v2\/types\/page"}],"author":[{"embeddable":true,"href":"https:\/\/wp02.lacnefotky.sk\/index.php?rest_route=\/wp\/v2\/users\/1"}],"replies":[{"embeddable":true,"href":"https:\/\/wp02.lacnefotky.sk\/index.php?rest_route=%2Fwp%2Fv2%2Fcomments&post=10"}],"version-history":[{"count":0,"href":"https:\/\/wp02.lacnefotky.sk\/index.php?rest_route=\/wp\/v2\/pages\/10\/revisions"}],"wp:attachment":[{"href":"https:\/\/wp02.lacnefotky.sk\/index.php?rest_route=%2Fwp%2Fv2%2Fmedia&parent=10"}],"curies":[{"name":"wp","href":"https:\/\/api.w.org\/{rel}","templated":true}]}}