{"id":16,"date":"2021-04-16T21:56:59","date_gmt":"2021-04-16T19:56:59","guid":{"rendered":"https:\/\/wp02.lacnefotky.sk\/?page_id=16"},"modified":"2021-04-16T21:56:59","modified_gmt":"2021-04-16T19:56:59","slug":"domovska-stranka","status":"publish","type":"page","link":"https:\/\/wp02.lacnefotky.sk\/","title":{"rendered":"Domovsk\u00e1 str\u00e1nka"},"content":{"rendered":"\n<p>Vitajte na va\u0161ej webovej str\u00e1nke! Toto je va\u0161a domovsk\u00e1 str\u00e1nka. Zobraz\u00ed sa v\u00e4\u010d\u0161ine n\u00e1v\u0161tevn\u00edkov, ktor\u00ed pr\u00eddu na va\u0161u webov\u00fa str\u00e1nku po prv\u00fdkr\u00e1t.<\/p>\n","protected":false},"excerpt":{"rendered":"<p>Vitajte na va\u0161ej webovej str\u00e1nke! Toto je va\u0161a domovsk\u00e1 str\u00e1nka. Zobraz\u00ed sa v\u00e4\u010d\u0161ine n\u00e1v\u0161tevn\u00edkov, ktor\u00ed pr\u00eddu na va\u0161u webov\u00fa str\u00e1nku po prv\u00fdkr\u00e1t.<\/p>\n","protected":false},"author":1,"featured_media":0,"parent":0,"menu_order":0,"comment_status":"closed","ping_status":"closed","template":"template-fullwidth.php","meta":{"_monsterinsights_skip_tracking":false,"_monsterinsights_sitenote_active":false,"_monsterinsights_sitenote_note":"","_monsterinsights_sitenote_category":0},"yoast_head":"<!-- This site is optimized with the Yoast SEO plugin v16.1.1 - https:\/\/yoast.com\/wordpress\/plugins\/seo\/ -->\n<title>Domovsk\u00e1 str\u00e1nka - wp02pokus<\/title>\n<link rel=\"canonical\" href=\"https:\/\/wp02.lacnefotky.sk\/\" \/>\n<meta property=\"og:locale\" content=\"sk_SK\" \/>\n<meta property=\"og:type\" content=\"article\" \/>\n<meta property=\"og:title\" content=\"Domovsk\u00e1 str\u00e1nka - wp02pokus\" \/>\n<meta property=\"og:description\" content=\"Vitajte na va\u0161ej webovej str\u00e1nke! Toto je va\u0161a domovsk\u00e1 str\u00e1nka. Zobraz\u00ed sa v\u00e4\u010d\u0161ine n\u00e1v\u0161tevn\u00edkov, ktor\u00ed pr\u00eddu na va\u0161u webov\u00fa str\u00e1nku po prv\u00fdkr\u00e1t.\" \/>\n<meta property=\"og:url\" content=\"https:\/\/wp02.lacnefotky.sk\/\" \/>\n<meta property=\"og:site_name\" content=\"wp02pokus\" \/>\n<meta name=\"twitter:card\" content=\"summary_large_image\" \/>\n<script type=\"application\/ld+json\" class=\"yoast-schema-graph\">{\"@context\":\"https:\/\/schema.org\",\"@graph\":[{\"@type\":\"WebSite\",\"@id\":\"https:\/\/wp02.lacnefotky.sk\/#website\",\"url\":\"https:\/\/wp02.lacnefotky.sk\/\",\"name\":\"wp02pokus\",\"description\":\"Len \\u010fal\\u0161ia WordPress str\\u00e1nka\",\"potentialAction\":[{\"@type\":\"SearchAction\",\"target\":\"https:\/\/wp02.lacnefotky.sk\/?s={search_term_string}\",\"query-input\":\"required name=search_term_string\"}],\"inLanguage\":\"sk-SK\"},{\"@type\":\"WebPage\",\"@id\":\"https:\/\/wp02.lacnefotky.sk\/#webpage\",\"url\":\"https:\/\/wp02.lacnefotky.sk\/\",\"name\":\"Domovsk\\u00e1 str\\u00e1nka - wp02pokus\",\"isPartOf\":{\"@id\":\"https:\/\/wp02.lacnefotky.sk\/#website\"},\"datePublished\":\"2021-04-16T19:56:59+00:00\",\"dateModified\":\"2021-04-16T19:56:59+00:00\",\"breadcrumb\":{\"@id\":\"https:\/\/wp02.lacnefotky.sk\/#breadcrumb\"},\"inLanguage\":\"sk-SK\",\"potentialAction\":[{\"@type\":\"ReadAction\",\"target\":[\"https:\/\/wp02.lacnefotky.sk\/\"]}]},{\"@type\":\"BreadcrumbList\",\"@id\":\"https:\/\/wp02.lacnefotky.sk\/#breadcrumb\",\"itemListElement\":[{\"@type\":\"ListItem\",\"position\":1,\"item\":{\"@type\":\"WebPage\",\"@id\":\"https:\/\/wp02.lacnefotky.sk\/\",\"url\":\"https:\/\/wp02.lacnefotky.sk\/\",\"name\":\"Home\"}},{\"@type\":\"ListItem\",\"position\":2,\"item\":{\"@type\":\"WebPage\",\"@id\":\"https:\/\/wp02.lacnefotky.sk\/\",\"url\":\"https:\/\/wp02.lacnefotky.sk\/\",\"name\":\"Domovsk\\u00e1 str\\u00e1nka\"}}]}]}<\/script>\n<!-- \/ Yoast SEO plugin. -->","uagb_featured_image_src":{"full":false,"thumbnail":false,"medium":false,"medium_large":false,"large":false,"1536x1536":false,"2048x2048":false,"woocommerce_thumbnail":false,"woocommerce_single":false,"woocommerce_gallery_thumbnail":false,"shop_catalog":false,"shop_single":false,"shop_thumbnail":false},"uagb_author_info":{"display_name":"lubos","author_link":"https:\/\/wp02.lacnefotky.sk\/?author=1"},"uagb_comment_info":0,"uagb_excerpt":"Vitajte na va\u0161ej webovej str\u00e1nke! Toto je va\u0161a domovsk\u00e1 str\u00e1nka. Zobraz\u00ed sa v\u00e4\u010d\u0161ine n\u00e1v\u0161tevn\u00edkov, ktor\u00ed pr\u00eddu na va\u0161u webov\u00fa str\u00e1nku po prv\u00fdkr\u00e1t.","_links":{"self":[{"href":"https:\/\/wp02.lacnefotky.sk\/index.php?rest_route=\/wp\/v2\/pages\/16"}],"collection":[{"href":"https:\/\/wp02.lacnefotky.sk\/index.php?rest_route=\/wp\/v2\/pages"}],"about":[{"href":"https:\/\/wp02.lacnefotky.sk\/index.php?rest_route=\/wp\/v2\/types\/page"}],"author":[{"embeddable":true,"href":"https:\/\/wp02.lacnefotky.sk\/index.php?rest_route=\/wp\/v2\/users\/1"}],"replies":[{"embeddable":true,"href":"https:\/\/wp02.lacnefotky.sk\/index.php?rest_route=%2Fwp%2Fv2%2Fcomments&post=16"}],"version-history":[{"count":1,"href":"https:\/\/wp02.lacnefotky.sk\/index.php?rest_route=\/wp\/v2\/pages\/16\/revisions"}],"predecessor-version":[{"id":20,"href":"https:\/\/wp02.lacnefotky.sk\/index.php?rest_route=\/wp\/v2\/pages\/16\/revisions\/20"}],"wp:attachment":[{"href":"https:\/\/wp02.lacnefotky.sk\/index.php?rest_route=%2Fwp%2Fv2%2Fmedia&parent=16"}],"curies":[{"name":"wp","href":"https:\/\/api.w.org\/{rel}","templated":true}]}}