{"id":14,"date":"2021-04-16T21:29:45","date_gmt":"2021-04-16T19:29:45","guid":{"rendered":"https:\/\/wp02.lacnefotky.sk\/?product=hoodie-with-logo"},"modified":"2021-04-16T23:02:43","modified_gmt":"2021-04-16T21:02:43","slug":"hoodie-with-logo","status":"publish","type":"product","link":"https:\/\/wp02.lacnefotky.sk\/?product=hoodie-with-logo","title":{"rendered":"WP02 test produkt"},"content":{"rendered":"<p>Pellentesque habitant morbi tristique senectus et netus et malesuada fames ac turpis egestas. Vestibulum tortor quam, feugiat vitae, ultricies eget, tempor sit amet, ante. Donec eu libero sit amet quam egestas semper. Aenean ultricies mi vitae est. Mauris placerat eleifend leo.<\/p>\n<p><code><br \/>\nadd_action( 'woocommerce_after_add_to_cart_button', function() {<br \/>\n    \/**<br \/>\n     * If you need product data here you can set $product as global<br \/>\n     * then you can easily access product data through $product object<br \/>\n     *<br \/>\n     * global $product;<br \/>\n     *\/<\/p>\n<p>    \/**<br \/>\n     * You may have to build product customization link automatically<br \/>\n     * if the customization link follows same pattern and has product<br \/>\n     * id then you can store the customization product id in product meta<br \/>\n     * and retrive that meta using $product->get_meta( '_customization_id' );<br \/>\n     *\/<br \/>\n    $builder_product_link = 'http:\/\/builder.alltype.com\/';<br \/>\n    ?><\/p>\n<p>    <a class=\"button\" href=\"<?php echo esc_url( $builder_product_link ); ?>\"><?php esc_html_e( 'Customize Product', 'text-domain' ); ?><\/a><\/p>\n<p>    <?php\n} );\n<\/code><\/p>\n","protected":false},"excerpt":{"rendered":"<p>This is a simple product.<\/p>\n","protected":false},"featured_media":13,"comment_status":"open","ping_status":"closed","template":"","meta":{"_monsterinsights_skip_tracking":false,"_monsterinsights_sitenote_active":false,"_monsterinsights_sitenote_note":"","_monsterinsights_sitenote_category":0},"yoast_head":"<!-- This site is optimized with the Yoast SEO plugin v16.1.1 - https:\/\/yoast.com\/wordpress\/plugins\/seo\/ -->\n<title>WP02 test produkt - wp02pokus<\/title>\n<link rel=\"canonical\" href=\"https:\/\/wp02.lacnefotky.sk\/?product=hoodie-with-logo\" \/>\n<meta property=\"og:locale\" content=\"sk_SK\" \/>\n<meta property=\"og:type\" content=\"article\" \/>\n<meta property=\"og:title\" content=\"WP02 test produkt - wp02pokus\" \/>\n<meta property=\"og:description\" content=\"This is a simple product.\" \/>\n<meta property=\"og:url\" content=\"https:\/\/wp02.lacnefotky.sk\/?product=hoodie-with-logo\" \/>\n<meta property=\"og:site_name\" content=\"wp02pokus\" \/>\n<meta property=\"article:modified_time\" content=\"2021-04-16T21:02:43+00:00\" \/>\n<meta property=\"og:image\" content=\"https:\/\/wp02.lacnefotky.sk\/wp-content\/uploads\/2021\/04\/hoodie-with-logo-2.jpg\" \/>\n\t<meta property=\"og:image:width\" content=\"801\" \/>\n\t<meta property=\"og:image:height\" content=\"801\" \/>\n<meta name=\"twitter:card\" content=\"summary_large_image\" \/>\n<meta name=\"twitter:label1\" content=\"Predpokladan\u00fd \u010das \u010d\u00edtania\">\n\t<meta name=\"twitter:data1\" content=\"1 min\u00fata\">\n<script type=\"application\/ld+json\" class=\"yoast-schema-graph\">{\"@context\":\"https:\/\/schema.org\",\"@graph\":[{\"@type\":\"WebSite\",\"@id\":\"https:\/\/wp02.lacnefotky.sk\/#website\",\"url\":\"https:\/\/wp02.lacnefotky.sk\/\",\"name\":\"wp02pokus\",\"description\":\"Len \\u010fal\\u0161ia WordPress str\\u00e1nka\",\"potentialAction\":[{\"@type\":\"SearchAction\",\"target\":\"https:\/\/wp02.lacnefotky.sk\/?s={search_term_string}\",\"query-input\":\"required name=search_term_string\"}],\"inLanguage\":\"sk-SK\"},{\"@type\":\"ImageObject\",\"@id\":\"https:\/\/wp02.lacnefotky.sk\/?product=hoodie-with-logo#primaryimage\",\"inLanguage\":\"sk-SK\",\"url\":\"https:\/\/wp02.lacnefotky.sk\/wp-content\/uploads\/2021\/04\/hoodie-with-logo-2.jpg\",\"contentUrl\":\"https:\/\/wp02.lacnefotky.sk\/wp-content\/uploads\/2021\/04\/hoodie-with-logo-2.jpg\",\"width\":801,\"height\":801},{\"@type\":\"WebPage\",\"@id\":\"https:\/\/wp02.lacnefotky.sk\/?product=hoodie-with-logo#webpage\",\"url\":\"https:\/\/wp02.lacnefotky.sk\/?product=hoodie-with-logo\",\"name\":\"WP02 test produkt - wp02pokus\",\"isPartOf\":{\"@id\":\"https:\/\/wp02.lacnefotky.sk\/#website\"},\"primaryImageOfPage\":{\"@id\":\"https:\/\/wp02.lacnefotky.sk\/?product=hoodie-with-logo#primaryimage\"},\"datePublished\":\"2021-04-16T19:29:45+00:00\",\"dateModified\":\"2021-04-16T21:02:43+00:00\",\"breadcrumb\":{\"@id\":\"https:\/\/wp02.lacnefotky.sk\/?product=hoodie-with-logo#breadcrumb\"},\"inLanguage\":\"sk-SK\",\"potentialAction\":[{\"@type\":\"ReadAction\",\"target\":[\"https:\/\/wp02.lacnefotky.sk\/?product=hoodie-with-logo\"]}]},{\"@type\":\"BreadcrumbList\",\"@id\":\"https:\/\/wp02.lacnefotky.sk\/?product=hoodie-with-logo#breadcrumb\",\"itemListElement\":[{\"@type\":\"ListItem\",\"position\":1,\"item\":{\"@type\":\"WebPage\",\"@id\":\"https:\/\/wp02.lacnefotky.sk\/\",\"url\":\"https:\/\/wp02.lacnefotky.sk\/\",\"name\":\"Home\"}},{\"@type\":\"ListItem\",\"position\":2,\"item\":{\"@type\":\"WebPage\",\"@id\":\"https:\/\/wp02.lacnefotky.sk\/?page_id=9\",\"url\":\"https:\/\/wp02.lacnefotky.sk\/?page_id=9\",\"name\":\"Obchod\"}},{\"@type\":\"ListItem\",\"position\":3,\"item\":{\"@type\":\"WebPage\",\"@id\":\"https:\/\/wp02.lacnefotky.sk\/?product=hoodie-with-logo\",\"url\":\"https:\/\/wp02.lacnefotky.sk\/?product=hoodie-with-logo\",\"name\":\"WP02 test produkt\"}}]}]}<\/script>\n<!-- \/ Yoast SEO plugin. -->","_links":{"self":[{"href":"https:\/\/wp02.lacnefotky.sk\/index.php?rest_route=\/wp\/v2\/product\/14"}],"collection":[{"href":"https:\/\/wp02.lacnefotky.sk\/index.php?rest_route=\/wp\/v2\/product"}],"about":[{"href":"https:\/\/wp02.lacnefotky.sk\/index.php?rest_route=\/wp\/v2\/types\/product"}],"replies":[{"embeddable":true,"href":"https:\/\/wp02.lacnefotky.sk\/index.php?rest_route=%2Fwp%2Fv2%2Fcomments&post=14"}],"wp:featuredmedia":[{"embeddable":true,"href":"https:\/\/wp02.lacnefotky.sk\/index.php?rest_route=\/wp\/v2\/media\/13"}],"wp:attachment":[{"href":"https:\/\/wp02.lacnefotky.sk\/index.php?rest_route=%2Fwp%2Fv2%2Fmedia&parent=14"}],"curies":[{"name":"wp","href":"https:\/\/api.w.org\/{rel}","templated":true}]}}